{"id":7584,"date":"2019-11-18T23:54:01","date_gmt":"2019-11-18T23:54:01","guid":{"rendered":"https:\/\/test.jawa.ee\/cart\/"},"modified":"2024-02-29T09:35:34","modified_gmt":"2024-02-29T09:35:34","slug":"cart","status":"publish","type":"page","link":"https:\/\/test.jawa.ee\/en\/cart\/","title":{"rendered":"Cart"},"content":{"rendered":"<div class=\"wpb-content-wrapper\"><p>[vc_row css=&#8221;.vc_custom_1574109386839{margin-bottom: 50px !important;padding-top: 0px !important;padding-bottom: 0px !important;}&#8221; mobile_bg_img_hidden=&#8221;no&#8221; tablet_bg_img_hidden=&#8221;no&#8221; woodmart_parallax=&#8221;0&#8243; woodmart_gradient_switch=&#8221;no&#8221; row_reverse_mobile=&#8221;0&#8243; row_reverse_tablet=&#8221;0&#8243; woodmart_disable_overflow=&#8221;0&#8243;][vc_column mobile_bg_img_hidden=&#8221;no&#8221; tablet_bg_img_hidden=&#8221;no&#8221; woodmart_parallax=&#8221;0&#8243; woodmart_sticky_column=&#8221;false&#8221; parallax_scroll=&#8221;no&#8221; mobile_reset_margin=&#8221;no&#8221; tablet_reset_margin=&#8221;no&#8221;][vc_column_text text_larger=&#8221;no&#8221; css=&#8221;.vc_custom_1703842787985{margin-bottom: 0px !important;padding-bottom: 0px !important;}&#8221;]<\/p>\n<p><strong>T\u00c4HELEPANU!<\/strong><\/p>\n<p>Lp.Klient! See ei ole E-pood,vaid tellimiskeskus,mille kaudu saate meile saata oma ostusoovi.Saadame Teile personaalse pakkumise,mis vastab Teie mootorratta margile,meie hetke laoseisule jne. Palun sisestage oma t\u00e4psed andmed allpool.\u00a0<strong>O\u00dc\u00a0Baros\u00a0j\u00e4tab\u00a0endale\u00a0\u00f5guse\u00a0muuta\u00a0hindu.<\/strong><\/p>\n<p>NB! Seoses k\u00e4ibemaksum\u00e4\u00e4ra muutumisega alates 1.01.2024 v\u00f5ivad hinnad meie kodulehel ja ettemaksuarvetel erineda. Vabandame!<\/p>\n<p>[\/vc_column_text][\/vc_column][\/vc_row][vc_row][vc_column][vc_column_text text_larger=&#8221;no&#8221;]<\/p>\n<\/p>\n\n<p>[\/vc_column_text][\/vc_column][\/vc_row]<\/p>\n<\/div>","protected":false},"excerpt":{"rendered":"<p>[vc_row css=&#8221;.vc_custom_1574109386839{margin-bottom: 50px !important;padding-top: 0px !important;padding-bottom: 0px !important;}&#8221; mobile_bg_img_hidden=&#8221;no&#8221; tablet_bg_img_hidden=&#8221;no&#8221; woodmart_parallax=&#8221;0&#8243; woodmart_gradient_switch=&#8221;no&#8221; row_reverse_mobile=&#8221;0&#8243; row_reverse_tablet=&#8221;0&#8243; woodmart_disable_overflow=&#8221;0&#8243;][vc_column mobile_bg_img_hidden=&#8221;no&#8221; tablet_bg_img_hidden=&#8221;no&#8221; woodmart_parallax=&#8221;0&#8243; woodmart_sticky_column=&#8221;false&#8221; parallax_scroll=&#8221;no&#8221;<\/p>\n","protected":false},"author":1,"featured_media":0,"parent":0,"menu_order":0,"comment_status":"closed","ping_status":"closed","template":"","meta":{"footnotes":""},"_links":{"self":[{"href":"https:\/\/test.jawa.ee\/en\/wp-json\/wp\/v2\/pages\/7584"}],"collection":[{"href":"https:\/\/test.jawa.ee\/en\/wp-json\/wp\/v2\/pages"}],"about":[{"href":"https:\/\/test.jawa.ee\/en\/wp-json\/wp\/v2\/types\/page"}],"author":[{"embeddable":true,"href":"https:\/\/test.jawa.ee\/en\/wp-json\/wp\/v2\/users\/1"}],"replies":[{"embeddable":true,"href":"https:\/\/test.jawa.ee\/en\/wp-json\/wp\/v2\/comments?post=7584"}],"version-history":[{"count":2,"href":"https:\/\/test.jawa.ee\/en\/wp-json\/wp\/v2\/pages\/7584\/revisions"}],"predecessor-version":[{"id":50870,"href":"https:\/\/test.jawa.ee\/en\/wp-json\/wp\/v2\/pages\/7584\/revisions\/50870"}],"wp:attachment":[{"href":"https:\/\/test.jawa.ee\/en\/wp-json\/wp\/v2\/media?parent=7584"}],"curies":[{"name":"wp","href":"https:\/\/api.w.org\/{rel}","templated":true}]}}