{"id":8838,"date":"2017-09-22T13:16:43","date_gmt":"2017-09-22T13:16:43","guid":{"rendered":"https:\/\/test.jawa.ee\/teenused\/"},"modified":"2023-12-21T20:36:51","modified_gmt":"2023-12-21T20:36:51","slug":"services","status":"publish","type":"page","link":"https:\/\/test.jawa.ee\/en\/services\/","title":{"rendered":"Services"},"content":{"rendered":"<div class=\"wpb-content-wrapper\"><p>[vc_row][vc_column]\n\t\t<div id=\"wd-5dd4fce821029\" class=\"title-wrapper wd-wpb set-mb-s reset-last-child  wd-rs-5dd4fce821029 wd-title-color-default wd-title-style-underlined text-left  wd-underline-colored\">\n\t\t\t\n\t\t\t<div class=\"liner-continer\">\n\t\t\t\t<h4 class=\"woodmart-title-container title  wd-font-weight-400 wd-fontsize-m\" >Pricelist of motorcycles, rollers, mopeds, ATVs maintenance and repairworks<\/h4>\n\t\t\t\t\t\t\t<\/div>\n\t\t\t\n\t\t\t\n\t\t\t\n\t\t<\/div>\n\t\t\n\t\t[\/vc_column][\/vc_row][vc_row][vc_column][vc_column_text text_larger=&#8221;no&#8221;]<\/p>\n<p style=\"text-align: left;\"><b>Base service<\/b><\/p>\n<p><b><i>I serviceset up to 500 km or afer every 6 months: <\/i><\/b><i>ilchange, ignition system parts controll. Checking the conditions of chain, chainweels, tyres, brakes, braking and clutchliquid, amortization, battery, cooling liquids and hawsers (not including spareparts and other gear)<\/i><\/p>\n<table width=\"100%\">\n<tbody>\n<tr>\n<td class=\"pricelist_incell\">50, 125 ccm<\/td>\n<td style=\"text-align: right;\">60<b>\u20ac<\/b><\/td>\n<\/tr>\n<tr>\n<td class=\"pricelist_incell\">250, 350 ccm<\/td>\n<td class=\"pricelist_incell\" style=\"text-align: right;\">66 <b>\u20ac<\/b><\/td>\n<\/tr>\n<tr>\n<td class=\"pricelist_incell\">650 ccm<\/td>\n<td style=\"text-align: right;\">78 <b>\u20ac<\/b><\/td>\n<\/tr>\n<\/tbody>\n<\/table>\n<p><b><i>II serviceset up to 1500 km , 3000 km or after every 12 months: <\/i><\/b><i>Besides I serviceset, will check the engines flaps, the spark-plugs, changing oil from front amortization (not including spareparts and other gear)<\/i><\/p>\n<table width=\"100%\">\n<tbody>\n<tr>\n<td class=\"pricelist_incell\">50, 125 ccm<\/td>\n<td style=\"text-align: right;\">78 <b>\u20ac<\/b><\/td>\n<\/tr>\n<tr>\n<td class=\"pricelist_incell\">250, 350 ccm<\/td>\n<td class=\"pricelist_incell\" style=\"text-align: right;\">90 <b>\u20ac<\/b><\/td>\n<\/tr>\n<tr>\n<td class=\"pricelist_incell\">650 ccm<\/td>\n<td style=\"text-align: right;\">108 <b>\u20ac<\/b><\/td>\n<\/tr>\n<\/tbody>\n<\/table>\n<p><b>Base repairs<\/b><\/p>\n<table style=\"height: 214px;\" width=\"100%\">\n<tbody>\n<tr>\n<td style=\"text-align: left;\">To the clients of O\u00dc Baros \/ To our regular clients<\/td>\n<td class=\"pricelist_incell\" style=\"text-align: right;\">36\u20ac \/30 <b>\u20ac<\/b><\/td>\n<\/tr>\n<tr>\n<td>Determination of the motorbikes technical condition<\/td>\n<td class=\"pricelist_incell\" style=\"text-align: right;\">60 <b>\u20ac<\/b><\/td>\n<\/tr>\n<tr>\n<td>Determination of the motors technical condition<\/td>\n<td class=\"pricelist_incell\" style=\"text-align: right;\">48 <b>\u20ac<\/b><\/td>\n<\/tr>\n<tr>\n<td>Transport service inside Tallinn<\/td>\n<td class=\"pricelist_incell\" style=\"text-align: right;\">1 <b>\u20ac <\/b>\/ km<\/td>\n<\/tr>\n<tr>\n<td>After the work is done, the owner must pick up the vehicle or aggregate in 72 hours. After that time passed, O\u00dc BAROS has the right to charge rent<\/td>\n<td class=\"pricelist_incell\" style=\"text-align: right;\">6 <b>\u20ac <\/b>\/ \u00f6\u00f6p\u00e4ev<\/td>\n<\/tr>\n<\/tbody>\n<\/table>\n<p>[\/vc_column_text][\/vc_column][\/vc_row][vc_row css=&#8221;.vc_custom_1572858487360{background-color: #f4f4f4 !important;}&#8221; mobile_bg_img_hidden=&#8221;no&#8221; tablet_bg_img_hidden=&#8221;no&#8221; woodmart_parallax=&#8221;0&#8243; woodmart_gradient_switch=&#8221;no&#8221; row_reverse_mobile=&#8221;0&#8243; row_reverse_tablet=&#8221;0&#8243; woodmart_disable_overflow=&#8221;0&#8243;][vc_column][vc_column_text text_larger=&#8221;no&#8221;]<b>O\u00dc BAROS does not allow self service or renting of tools!<\/b><br \/>\nThe Seller has rights to change prices without notice.[\/vc_column_text][\/vc_column][\/vc_row]<\/p>\n<\/div>","protected":false},"excerpt":{"rendered":"<p>[vc_row][vc_column][\/vc_column][\/vc_row][vc_row][vc_column][vc_column_text text_larger=&#8221;no&#8221;] Base service I serviceset up to 500 km or afer every 6 months: ilchange, ignition system parts controll.<\/p>\n","protected":false},"author":1,"featured_media":0,"parent":0,"menu_order":0,"comment_status":"closed","ping_status":"closed","template":"","meta":{"footnotes":""},"_links":{"self":[{"href":"https:\/\/test.jawa.ee\/en\/wp-json\/wp\/v2\/pages\/8838"}],"collection":[{"href":"https:\/\/test.jawa.ee\/en\/wp-json\/wp\/v2\/pages"}],"about":[{"href":"https:\/\/test.jawa.ee\/en\/wp-json\/wp\/v2\/types\/page"}],"author":[{"embeddable":true,"href":"https:\/\/test.jawa.ee\/en\/wp-json\/wp\/v2\/users\/1"}],"replies":[{"embeddable":true,"href":"https:\/\/test.jawa.ee\/en\/wp-json\/wp\/v2\/comments?post=8838"}],"version-history":[{"count":3,"href":"https:\/\/test.jawa.ee\/en\/wp-json\/wp\/v2\/pages\/8838\/revisions"}],"predecessor-version":[{"id":18457,"href":"https:\/\/test.jawa.ee\/en\/wp-json\/wp\/v2\/pages\/8838\/revisions\/18457"}],"wp:attachment":[{"href":"https:\/\/test.jawa.ee\/en\/wp-json\/wp\/v2\/media?parent=8838"}],"curies":[{"name":"wp","href":"https:\/\/api.w.org\/{rel}","templated":true}]}}